{"id":144,"date":"2016-09-24T01:55:27","date_gmt":"2016-09-24T01:55:27","guid":{"rendered":"http:\/\/sw-themes.com\/porto_dummy\/?page_id=7"},"modified":"2022-05-05T14:26:13","modified_gmt":"2022-05-05T14:26:13","slug":"resources","status":"publish","type":"page","link":"https:\/\/etsdahmane.dz\/?page_id=144","title":{"rendered":"Ambulances"},"content":{"rendered":"<section class=\"wpb-content-wrapper\"><p>[vc_row][vc_column][vc_custom_heading text=\u00a0\u00bbV\u00e9hicule m\u00e9dicalis\u00e9 de transport de malades : Ambulance\u00a0\u00bb font_container=\u00a0\u00bbtag:h2|text_align:left|color:%23c00505&Prime; use_theme_fonts=\u00a0\u00bbyes\u00a0\u00bb el_class=\u00a0\u00bbm-b-xs\u00a0\u00bb][vc_row_inner el_class=\u00a0\u00bbm-t-xl\u00a0\u00bb][vc_column_inner width=\u00a0\u00bb1\/3&Prime;][vc_single_image image=\u00a0\u00bb222&Prime; img_size=\u00a0\u00bbFULL\u00a0\u00bb onclick=\u00a0\u00bbcustom_link\u00a0\u00bb link=\u00a0\u00bbprepare-for-visit\u00a0\u00bb el_class=\u00a0\u00bbm-b-sm\u00a0\u00bb][\/vc_column_inner][vc_column_inner width=\u00a0\u00bb2\/3&Prime; css=\u00a0\u00bb.vc_custom_1651655417795{padding-top: 20px !important;}\u00a0\u00bb][vc_custom_heading text=\u00a0\u00bbV\u00e9hicule : Mercedes-Benz Sprinter 211 CDI\u00a0\u00bb font_container=\u00a0\u00bbtag:h4|text_align:left\u00a0\u00bb use_theme_fonts=\u00a0\u00bbyes\u00a0\u00bb skin=\u00a0\u00bbprimary\u00a0\u00bb el_class=\u00a0\u00bbfont-weight-semibold m-b-xs\u00a0\u00bb link=\u00a0\u00bburl:prepare-for-visit|||\u00a0\u00bb][vc_column_text]<strong>MOTORISATION<\/strong><\/p>\n<p><strong>Moteur<\/strong>\u00a0: Diesel 4 cylindres en ligne 16 S<br \/>\n<strong>Cylindr\u00e9<\/strong>\u00a0: 2143 cm3<br \/>\n<strong>Puissance Fiscale<\/strong>\u00a0: 07 CV<br \/>\n<b>\u00a0<\/b>[\/vc_column_text][vc_btn title=\u00a0\u00bbVoir Plus&#8230;\u00a0\u00bb style=\u00a0\u00bboutline\u00a0\u00bb shape=\u00a0\u00bbround\u00a0\u00bb size=\u00a0\u00bbsm\u00a0\u00bb skin=\u00a0\u00bbquaternary\u00a0\u00bb link=\u00a0\u00bburl:%20https%3A%2F%2Fetsdahmane.dz%2Ffr%2F%3Fpage_id%3D494&Prime; el_class=\u00a0\u00bbfont-weight-bold text-uppercase\u00a0\u00bb css=\u00a0\u00bb.vc_custom_1651656646179{padding-bottom: -50px !important;}\u00a0\u00bb][\/vc_column_inner][\/vc_row_inner][vc_row_inner el_class=\u00a0\u00bbm-t-xl\u00a0\u00bb][vc_column_inner width=\u00a0\u00bb1\/3&Prime;][vc_single_image image=\u00a0\u00bb475&Prime; img_size=\u00a0\u00bblarge\u00a0\u00bb onclick=\u00a0\u00bbcustom_link\u00a0\u00bb link=\u00a0\u00bbsurgery-proccess\u00a0\u00bb el_class=\u00a0\u00bbm-b-sm\u00a0\u00bb][\/vc_column_inner][vc_column_inner width=\u00a0\u00bb2\/3&Prime; css=\u00a0\u00bb.vc_custom_1651654879677{padding-top: 100px !important;}\u00a0\u00bb][vc_custom_heading text=\u00a0\u00bbCELLULE SANITAIRE D&rsquo;origine Espagnole RLA Certifi\u00e9e au norme europ\u00e9enne\u00a0\u00bb font_container=\u00a0\u00bbtag:h4|text_align:left\u00a0\u00bb use_theme_fonts=\u00a0\u00bbyes\u00a0\u00bb skin=\u00a0\u00bbprimary\u00a0\u00bb el_class=\u00a0\u00bbfont-weight-semibold m-b-xs\u00a0\u00bb link=\u00a0\u00bburl:surgery-proccess|||\u00a0\u00bb][vc_column_text]<strong>La soci\u00e9t\u00e9 RLA partenaire de la EURL Etablissement DAHMANE<\/strong><\/p>\n<p><strong>Dimensions :<\/strong><br \/>\nLongueur : 2700 mm<br \/>\nLargeur : 1780 mm<br \/>\nHauteur : 1650 mm<\/p>\n<p>[\/vc_column_text][vc_btn title=\u00a0\u00bbVoir Plus&#8230;\u00a0\u00bb style=\u00a0\u00bboutline\u00a0\u00bb shape=\u00a0\u00bbround\u00a0\u00bb size=\u00a0\u00bbsm\u00a0\u00bb skin=\u00a0\u00bbquaternary\u00a0\u00bb link=\u00a0\u00bburl:%20https%3A%2F%2Fetsdahmane.dz%2Ffr%2F%3Fpage_id%3D478&Prime; el_class=\u00a0\u00bbfont-weight-bold text-uppercase\u00a0\u00bb][\/vc_column_inner][\/vc_row_inner][\/vc_column][\/vc_row]<\/p>\n<\/section>","protected":false},"excerpt":{"rendered":"<p>[vc_row][vc_column][vc_custom_heading text=\u00a0\u00bbV\u00e9hicule m\u00e9dicalis\u00e9 de transport de malades : Ambulance\u00a0\u00bb font_container=\u00a0\u00bbtag:h2|text_align:left|color:%23c00505&Prime; use_theme_fonts=\u00a0\u00bbyes\u00a0\u00bb el_class=\u00a0\u00bbm-b-xs\u00a0\u00bb][vc_row_inner el_class=\u00a0\u00bbm-t-xl\u00a0\u00bb][vc_column_inner width=\u00a0\u00bb1\/3&Prime;][vc_single_image image=\u00a0\u00bb222&Prime; img_size=\u00a0\u00bbFULL\u00a0\u00bb onclick=\u00a0\u00bbcustom_link\u00a0\u00bb link=\u00a0\u00bbprepare-for-visit\u00a0\u00bb el_class=\u00a0\u00bbm-b-sm\u00a0\u00bb][\/vc_column_inner][vc_column_inner width=\u00a0\u00bb2\/3&Prime; css=\u00a0\u00bb.vc_custom_1651655417795{padding-top: 20px !important;}\u00a0\u00bb][vc_custom_heading text=\u00a0\u00bbV\u00e9hicule : Mercedes-Benz Sprinter 211 CDI\u00a0\u00bb font_container=\u00a0\u00bbtag:h4|text_align:left\u00a0\u00bb use_theme_fonts=\u00a0\u00bbyes\u00a0\u00bb skin=\u00a0\u00bbprimary\u00a0\u00bb el_class=\u00a0\u00bbfont-weight-semibold m-b-xs\u00a0\u00bb link=\u00a0\u00bburl:prepare-for-visit|||\u00a0\u00bb][vc_column_text]MOTORISATION Moteur\u00a0: Diesel 4 cylindres en ligne 16 S Cylindr\u00e9\u00a0: 2143 cm3 Puissance Fiscale\u00a0: 07 CV \u00a0[\/vc_column_text][vc_btn title=\u00a0\u00bbVoir Plus&#8230;\u00a0\u00bb style=\u00a0\u00bboutline\u00a0\u00bb shape=\u00a0\u00bbround\u00a0\u00bb [&hellip;]<\/p>\n","protected":false},"author":2,"featured_media":0,"parent":0,"menu_order":0,"comment_status":"closed","ping_status":"closed","template":"","meta":{"footnotes":""},"class_list":["post-144","page","type-page","status-publish","hentry"],"yoast_head":"<!-- This site is optimized with the Yoast SEO Premium plugin v20.0 (Yoast SEO v26.9) - https:\/\/yoast.com\/product\/yoast-seo-premium-wordpress\/ -->\n<title>Ambulances - ETS DAHMANE<\/title>\n<meta name=\"robots\" content=\"index, follow, max-snippet:-1, max-image-preview:large, max-video-preview:-1\" \/>\n<link rel=\"canonical\" href=\"https:\/\/etsdahmane.dz\/?page_id=144\" \/>\n<meta property=\"og:locale\" content=\"fr_FR\" \/>\n<meta property=\"og:type\" content=\"article\" \/>\n<meta property=\"og:title\" content=\"Ambulances\" \/>\n<meta property=\"og:description\" content=\"[vc_row][vc_column][vc_custom_heading text=\u00a0\u00bbV\u00e9hicule m\u00e9dicalis\u00e9 de transport de malades : Ambulance\u00a0\u00bb font_container=\u00a0\u00bbtag:h2|text_align:left|color:%23c00505&Prime; use_theme_fonts=\u00a0\u00bbyes\u00a0\u00bb el_class=\u00a0\u00bbm-b-xs\u00a0\u00bb][vc_row_inner el_class=\u00a0\u00bbm-t-xl\u00a0\u00bb][vc_column_inner width=\u00a0\u00bb1\/3&Prime;][vc_single_image image=\u00a0\u00bb222&Prime; img_size=\u00a0\u00bbFULL\u00a0\u00bb onclick=\u00a0\u00bbcustom_link\u00a0\u00bb link=\u00a0\u00bbprepare-for-visit\u00a0\u00bb el_class=\u00a0\u00bbm-b-sm\u00a0\u00bb][\/vc_column_inner][vc_column_inner width=\u00a0\u00bb2\/3&Prime; css=\u00a0\u00bb.vc_custom_1651655417795{padding-top: 20px !important;}\u00a0\u00bb][vc_custom_heading text=\u00a0\u00bbV\u00e9hicule : Mercedes-Benz Sprinter 211 CDI\u00a0\u00bb font_container=\u00a0\u00bbtag:h4|text_align:left\u00a0\u00bb use_theme_fonts=\u00a0\u00bbyes\u00a0\u00bb skin=\u00a0\u00bbprimary\u00a0\u00bb el_class=\u00a0\u00bbfont-weight-semibold m-b-xs\u00a0\u00bb link=\u00a0\u00bburl:prepare-for-visit|||\u00a0\u00bb][vc_column_text]MOTORISATION Moteur\u00a0: Diesel 4 cylindres en ligne 16 S Cylindr\u00e9\u00a0: 2143 cm3 Puissance Fiscale\u00a0: 07 CV \u00a0[\/vc_column_text][vc_btn title=\u00a0\u00bbVoir Plus&#8230;\u00a0\u00bb style=\u00a0\u00bboutline\u00a0\u00bb shape=\u00a0\u00bbround\u00a0\u00bb [&hellip;]\" \/>\n<meta property=\"og:url\" content=\"https:\/\/etsdahmane.dz\/?page_id=144\" \/>\n<meta property=\"og:site_name\" content=\"ETS DAHMANE\" \/>\n<meta property=\"article:modified_time\" content=\"2022-05-05T14:26:13+00:00\" \/>\n<meta name=\"twitter:card\" content=\"summary_large_image\" \/>\n<meta name=\"twitter:label1\" content=\"Dur\u00e9e de lecture estim\u00e9e\" \/>\n\t<meta name=\"twitter:data1\" content=\"1 minute\" \/>\n<script type=\"application\/ld+json\" class=\"yoast-schema-graph\">{\"@context\":\"https:\/\/schema.org\",\"@graph\":[{\"@type\":\"WebPage\",\"@id\":\"https:\/\/etsdahmane.dz\/?page_id=144\",\"url\":\"https:\/\/etsdahmane.dz\/?page_id=144\",\"name\":\"Ambulances - ETS DAHMANE\",\"isPartOf\":{\"@id\":\"https:\/\/etsdahmane.dz\/#website\"},\"datePublished\":\"2016-09-24T01:55:27+00:00\",\"dateModified\":\"2022-05-05T14:26:13+00:00\",\"breadcrumb\":{\"@id\":\"https:\/\/etsdahmane.dz\/?page_id=144#breadcrumb\"},\"inLanguage\":\"fr-FR\",\"potentialAction\":[{\"@type\":\"ReadAction\",\"target\":[\"https:\/\/etsdahmane.dz\/?page_id=144\"]}]},{\"@type\":\"BreadcrumbList\",\"@id\":\"https:\/\/etsdahmane.dz\/?page_id=144#breadcrumb\",\"itemListElement\":[{\"@type\":\"ListItem\",\"position\":1,\"name\":\"Home\",\"item\":\"https:\/\/etsdahmane.dz\/\"},{\"@type\":\"ListItem\",\"position\":2,\"name\":\"Ambulances\"}]},{\"@type\":\"WebSite\",\"@id\":\"https:\/\/etsdahmane.dz\/#website\",\"url\":\"https:\/\/etsdahmane.dz\/\",\"name\":\"ETS DAHMANE\",\"description\":\"ETS DAHMANE\",\"potentialAction\":[{\"@type\":\"SearchAction\",\"target\":{\"@type\":\"EntryPoint\",\"urlTemplate\":\"https:\/\/etsdahmane.dz\/?s={search_term_string}\"},\"query-input\":{\"@type\":\"PropertyValueSpecification\",\"valueRequired\":true,\"valueName\":\"search_term_string\"}}],\"inLanguage\":\"fr-FR\"}]}<\/script>\n<!-- \/ Yoast SEO Premium plugin. -->","yoast_head_json":{"title":"Ambulances - ETS DAHMANE","robots":{"index":"index","follow":"follow","max-snippet":"max-snippet:-1","max-image-preview":"max-image-preview:large","max-video-preview":"max-video-preview:-1"},"canonical":"https:\/\/etsdahmane.dz\/?page_id=144","og_locale":"fr_FR","og_type":"article","og_title":"Ambulances","og_description":"[vc_row][vc_column][vc_custom_heading text=\u00a0\u00bbV\u00e9hicule m\u00e9dicalis\u00e9 de transport de malades : Ambulance\u00a0\u00bb font_container=\u00a0\u00bbtag:h2|text_align:left|color:%23c00505&Prime; use_theme_fonts=\u00a0\u00bbyes\u00a0\u00bb el_class=\u00a0\u00bbm-b-xs\u00a0\u00bb][vc_row_inner el_class=\u00a0\u00bbm-t-xl\u00a0\u00bb][vc_column_inner width=\u00a0\u00bb1\/3&Prime;][vc_single_image image=\u00a0\u00bb222&Prime; img_size=\u00a0\u00bbFULL\u00a0\u00bb onclick=\u00a0\u00bbcustom_link\u00a0\u00bb link=\u00a0\u00bbprepare-for-visit\u00a0\u00bb el_class=\u00a0\u00bbm-b-sm\u00a0\u00bb][\/vc_column_inner][vc_column_inner width=\u00a0\u00bb2\/3&Prime; css=\u00a0\u00bb.vc_custom_1651655417795{padding-top: 20px !important;}\u00a0\u00bb][vc_custom_heading text=\u00a0\u00bbV\u00e9hicule : Mercedes-Benz Sprinter 211 CDI\u00a0\u00bb font_container=\u00a0\u00bbtag:h4|text_align:left\u00a0\u00bb use_theme_fonts=\u00a0\u00bbyes\u00a0\u00bb skin=\u00a0\u00bbprimary\u00a0\u00bb el_class=\u00a0\u00bbfont-weight-semibold m-b-xs\u00a0\u00bb link=\u00a0\u00bburl:prepare-for-visit|||\u00a0\u00bb][vc_column_text]MOTORISATION Moteur\u00a0: Diesel 4 cylindres en ligne 16 S Cylindr\u00e9\u00a0: 2143 cm3 Puissance Fiscale\u00a0: 07 CV \u00a0[\/vc_column_text][vc_btn title=\u00a0\u00bbVoir Plus&#8230;\u00a0\u00bb style=\u00a0\u00bboutline\u00a0\u00bb shape=\u00a0\u00bbround\u00a0\u00bb [&hellip;]","og_url":"https:\/\/etsdahmane.dz\/?page_id=144","og_site_name":"ETS DAHMANE","article_modified_time":"2022-05-05T14:26:13+00:00","twitter_card":"summary_large_image","twitter_misc":{"Dur\u00e9e de lecture estim\u00e9e":"1 minute"},"schema":{"@context":"https:\/\/schema.org","@graph":[{"@type":"WebPage","@id":"https:\/\/etsdahmane.dz\/?page_id=144","url":"https:\/\/etsdahmane.dz\/?page_id=144","name":"Ambulances - ETS DAHMANE","isPartOf":{"@id":"https:\/\/etsdahmane.dz\/#website"},"datePublished":"2016-09-24T01:55:27+00:00","dateModified":"2022-05-05T14:26:13+00:00","breadcrumb":{"@id":"https:\/\/etsdahmane.dz\/?page_id=144#breadcrumb"},"inLanguage":"fr-FR","potentialAction":[{"@type":"ReadAction","target":["https:\/\/etsdahmane.dz\/?page_id=144"]}]},{"@type":"BreadcrumbList","@id":"https:\/\/etsdahmane.dz\/?page_id=144#breadcrumb","itemListElement":[{"@type":"ListItem","position":1,"name":"Home","item":"https:\/\/etsdahmane.dz\/"},{"@type":"ListItem","position":2,"name":"Ambulances"}]},{"@type":"WebSite","@id":"https:\/\/etsdahmane.dz\/#website","url":"https:\/\/etsdahmane.dz\/","name":"ETS DAHMANE","description":"ETS DAHMANE","potentialAction":[{"@type":"SearchAction","target":{"@type":"EntryPoint","urlTemplate":"https:\/\/etsdahmane.dz\/?s={search_term_string}"},"query-input":{"@type":"PropertyValueSpecification","valueRequired":true,"valueName":"search_term_string"}}],"inLanguage":"fr-FR"}]}},"_links":{"self":[{"href":"https:\/\/etsdahmane.dz\/index.php?rest_route=\/wp\/v2\/pages\/144","targetHints":{"allow":["GET"]}}],"collection":[{"href":"https:\/\/etsdahmane.dz\/index.php?rest_route=\/wp\/v2\/pages"}],"about":[{"href":"https:\/\/etsdahmane.dz\/index.php?rest_route=\/wp\/v2\/types\/page"}],"author":[{"embeddable":true,"href":"https:\/\/etsdahmane.dz\/index.php?rest_route=\/wp\/v2\/users\/2"}],"replies":[{"embeddable":true,"href":"https:\/\/etsdahmane.dz\/index.php?rest_route=%2Fwp%2Fv2%2Fcomments&post=144"}],"version-history":[{"count":15,"href":"https:\/\/etsdahmane.dz\/index.php?rest_route=\/wp\/v2\/pages\/144\/revisions"}],"predecessor-version":[{"id":716,"href":"https:\/\/etsdahmane.dz\/index.php?rest_route=\/wp\/v2\/pages\/144\/revisions\/716"}],"wp:attachment":[{"href":"https:\/\/etsdahmane.dz\/index.php?rest_route=%2Fwp%2Fv2%2Fmedia&parent=144"}],"curies":[{"name":"wp","href":"https:\/\/api.w.org\/{rel}","templated":true}]}}