{"id":478,"date":"2022-05-04T08:20:53","date_gmt":"2022-05-04T08:20:53","guid":{"rendered":"https:\/\/etsdahmane.dz\/fr\/?page_id=478"},"modified":"2022-05-04T09:03:58","modified_gmt":"2022-05-04T09:03:58","slug":"vehicule-mercedes-benz-sprinter-211-cdi-2","status":"publish","type":"page","link":"https:\/\/etsdahmane.dz\/?page_id=478","title":{"rendered":"CELLULE SANITAIRE D&rsquo;origine Espagnole RLA Certifi\u00e9e au norme europ\u00e9enne"},"content":{"rendered":"<section class=\"wpb-content-wrapper\"><p>[vc_row][vc_column width=\u00a0\u00bb1\/2&Prime;][vc_custom_heading text=\u00a0\u00bbCELLULE SANITAIRE D&rsquo;origine Espagnole RLA Certifi\u00e9e au norme europ\u00e9enne\u00a0\u00bb font_container=\u00a0\u00bbtag:h2|text_align:left|color:%23c00505&Prime; use_theme_fonts=\u00a0\u00bbyes\u00a0\u00bb][vc_custom_heading text=\u00a0\u00bbLa soci\u00e9t\u00e9 RLA partenaire de la EURL Etablissement DAHMANE\u00a0\u00bb font_container=\u00a0\u00bbtag:h4|text_align:left\u00a0\u00bb skin=\u00a0\u00bbprimary\u00a0\u00bb]<div class=\"porto-sicon-box  wpb_custom_1efe903570d178ff0a9b7bfa5febd3a4 style_1 default-icon flex-wrap\"><div class=\"porto-sicon-header\"><h3 class=\"porto-sicon-title\" style=\"color:#000000;\">Dimensions :<\/h3><\/div> <!-- header --><div class=\"porto-sicon-description\" style=\"\">\n<ul>\n<li><span style=\"color: #000000;\">Longueur : 2700 mm<\/span><\/li>\n<li><span style=\"color: #000000;\">Largeur : 1780 mm<\/span><\/li>\n<li><span style=\"color: #000000;\">Hauteur : 1650 mm<\/span><\/li>\n<\/ul>\n<p><\/div> <!-- description --><\/div><!-- porto-sicon-box --><div class=\"porto-sicon-box  wpb_custom_1efe903570d178ff0a9b7bfa5febd3a4 style_1 default-icon flex-wrap\"><div class=\"porto-sicon-header\"><h3 class=\"porto-sicon-title\" style=\"\">EQUIPEMENTS :<\/h3><\/div> <!-- header --><div class=\"porto-sicon-description\" style=\"\">\n<ul>\n<li><span style=\"color: #000000;\">Brancard principal<\/span><\/li>\n<li><span style=\"color: #000000;\">Brancard auxiliaire rabattable<\/span><\/li>\n<li><span style=\"color: #000000;\">\u00a0Extincteur \u00e0 poudre 02 kg.<\/span><\/li>\n<li><span style=\"color: #000000;\">Malette de premiers soins.<\/span><\/li>\n<li><span style=\"color: #000000;\">\u00a0Dispositif d\u2019oxyg\u00e8ne avec canalisation : Bouteille d\u2019oxyg\u00e8ne avec masque et une bouteille de rechange<\/span><\/li>\n<li><span style=\"color: #000000;\">\u00a0Torche avec batterie<\/span><\/li>\n<li><span style=\"color: #000000;\">Mono producteur pour bouteille d\u2019oxyg\u00e8ne<\/span><\/li>\n<li><span style=\"color: #000000;\">\u00a0D\u00e9bitm\u00e8tre avec humidificateur oxyg\u00e8ne<\/span><\/li>\n<li><span style=\"color: #000000;\">Fixateur de bouteille d\u2019oxyg\u00e8ne<\/span><\/li>\n<li><span style=\"color: #000000;\">Prise mur oxyg\u00e8ne<\/span><\/li>\n<\/ul>\n<p><\/div> <!-- description --><\/div><!-- porto-sicon-box -->[\/vc_column][vc_column width=\u00a0\u00bb1\/2&Prime;][vc_single_image image=\u00a0\u00bb485&Prime; img_size=\u00a0\u00bbfull\u00a0\u00bb label=\u00a0\u00bb\u00a0\u00bb][\/vc_column][\/vc_row]<\/p>\n<\/section>","protected":false},"excerpt":{"rendered":"<p>[vc_row][vc_column width=\u00a0\u00bb1\/2&Prime;][vc_custom_heading text=\u00a0\u00bbCELLULE SANITAIRE D&rsquo;origine Espagnole RLA Certifi\u00e9e au norme europ\u00e9enne\u00a0\u00bb font_container=\u00a0\u00bbtag:h2|text_align:left|color:%23c00505&Prime; use_theme_fonts=\u00a0\u00bbyes\u00a0\u00bb][vc_custom_heading text=\u00a0\u00bbLa soci\u00e9t\u00e9 RLA partenaire de la EURL Etablissement DAHMANE\u00a0\u00bb font_container=\u00a0\u00bbtag:h4|text_align:left\u00a0\u00bb skin=\u00a0\u00bbprimary\u00a0\u00bb][\/vc_column][vc_column width=\u00a0\u00bb1\/2&Prime;][vc_single_image image=\u00a0\u00bb485&Prime; img_size=\u00a0\u00bbfull\u00a0\u00bb label=\u00a0\u00bb\u00a0\u00bb][\/vc_column][\/vc_row]<\/p>\n","protected":false},"author":2,"featured_media":0,"parent":0,"menu_order":0,"comment_status":"closed","ping_status":"closed","template":"","meta":{"footnotes":""},"class_list":["post-478","page","type-page","status-publish","hentry"],"yoast_head":"<!-- This site is optimized with the Yoast SEO Premium plugin v20.0 (Yoast SEO v26.9) - https:\/\/yoast.com\/product\/yoast-seo-premium-wordpress\/ -->\n<title>CELLULE SANITAIRE D&#039;origine Espagnole RLA Certifi\u00e9e au norme europ\u00e9enne - ETS DAHMANE<\/title>\n<meta name=\"robots\" content=\"index, follow, max-snippet:-1, max-image-preview:large, max-video-preview:-1\" \/>\n<link rel=\"canonical\" href=\"https:\/\/etsdahmane.dz\/?page_id=478\" \/>\n<meta property=\"og:locale\" content=\"fr_FR\" \/>\n<meta property=\"og:type\" content=\"article\" \/>\n<meta property=\"og:title\" content=\"CELLULE SANITAIRE D&#039;origine Espagnole RLA Certifi\u00e9e au norme europ\u00e9enne\" \/>\n<meta property=\"og:description\" content=\"[vc_row][vc_column width=\u00a0\u00bb1\/2&Prime;][vc_custom_heading text=\u00a0\u00bbCELLULE SANITAIRE D&rsquo;origine Espagnole RLA Certifi\u00e9e au norme europ\u00e9enne\u00a0\u00bb font_container=\u00a0\u00bbtag:h2|text_align:left|color:%23c00505&Prime; use_theme_fonts=\u00a0\u00bbyes\u00a0\u00bb][vc_custom_heading text=\u00a0\u00bbLa soci\u00e9t\u00e9 RLA partenaire de la EURL Etablissement DAHMANE\u00a0\u00bb font_container=\u00a0\u00bbtag:h4|text_align:left\u00a0\u00bb skin=\u00a0\u00bbprimary\u00a0\u00bb][\/vc_column][vc_column width=\u00a0\u00bb1\/2&Prime;][vc_single_image image=\u00a0\u00bb485&Prime; img_size=\u00a0\u00bbfull\u00a0\u00bb label=\u00a0\u00bb\u00a0\u00bb][\/vc_column][\/vc_row]\" \/>\n<meta property=\"og:url\" content=\"https:\/\/etsdahmane.dz\/?page_id=478\" \/>\n<meta property=\"og:site_name\" content=\"ETS DAHMANE\" \/>\n<meta property=\"article:modified_time\" content=\"2022-05-04T09:03:58+00:00\" \/>\n<meta name=\"twitter:card\" content=\"summary_large_image\" \/>\n<meta name=\"twitter:label1\" content=\"Dur\u00e9e de lecture estim\u00e9e\" \/>\n\t<meta name=\"twitter:data1\" content=\"1 minute\" \/>\n<script type=\"application\/ld+json\" class=\"yoast-schema-graph\">{\"@context\":\"https:\/\/schema.org\",\"@graph\":[{\"@type\":\"WebPage\",\"@id\":\"https:\/\/etsdahmane.dz\/?page_id=478\",\"url\":\"https:\/\/etsdahmane.dz\/?page_id=478\",\"name\":\"CELLULE SANITAIRE D'origine Espagnole RLA Certifi\u00e9e au norme europ\u00e9enne - ETS DAHMANE\",\"isPartOf\":{\"@id\":\"https:\/\/etsdahmane.dz\/#website\"},\"datePublished\":\"2022-05-04T08:20:53+00:00\",\"dateModified\":\"2022-05-04T09:03:58+00:00\",\"breadcrumb\":{\"@id\":\"https:\/\/etsdahmane.dz\/?page_id=478#breadcrumb\"},\"inLanguage\":\"fr-FR\",\"potentialAction\":[{\"@type\":\"ReadAction\",\"target\":[\"https:\/\/etsdahmane.dz\/?page_id=478\"]}]},{\"@type\":\"BreadcrumbList\",\"@id\":\"https:\/\/etsdahmane.dz\/?page_id=478#breadcrumb\",\"itemListElement\":[{\"@type\":\"ListItem\",\"position\":1,\"name\":\"Home\",\"item\":\"https:\/\/etsdahmane.dz\/\"},{\"@type\":\"ListItem\",\"position\":2,\"name\":\"CELLULE SANITAIRE D&rsquo;origine Espagnole RLA Certifi\u00e9e au norme europ\u00e9enne\"}]},{\"@type\":\"WebSite\",\"@id\":\"https:\/\/etsdahmane.dz\/#website\",\"url\":\"https:\/\/etsdahmane.dz\/\",\"name\":\"ETS DAHMANE\",\"description\":\"ETS DAHMANE\",\"potentialAction\":[{\"@type\":\"SearchAction\",\"target\":{\"@type\":\"EntryPoint\",\"urlTemplate\":\"https:\/\/etsdahmane.dz\/?s={search_term_string}\"},\"query-input\":{\"@type\":\"PropertyValueSpecification\",\"valueRequired\":true,\"valueName\":\"search_term_string\"}}],\"inLanguage\":\"fr-FR\"}]}<\/script>\n<!-- \/ Yoast SEO Premium plugin. -->","yoast_head_json":{"title":"CELLULE SANITAIRE D'origine Espagnole RLA Certifi\u00e9e au norme europ\u00e9enne - ETS DAHMANE","robots":{"index":"index","follow":"follow","max-snippet":"max-snippet:-1","max-image-preview":"max-image-preview:large","max-video-preview":"max-video-preview:-1"},"canonical":"https:\/\/etsdahmane.dz\/?page_id=478","og_locale":"fr_FR","og_type":"article","og_title":"CELLULE SANITAIRE D'origine Espagnole RLA Certifi\u00e9e au norme europ\u00e9enne","og_description":"[vc_row][vc_column width=\u00a0\u00bb1\/2&Prime;][vc_custom_heading text=\u00a0\u00bbCELLULE SANITAIRE D&rsquo;origine Espagnole RLA Certifi\u00e9e au norme europ\u00e9enne\u00a0\u00bb font_container=\u00a0\u00bbtag:h2|text_align:left|color:%23c00505&Prime; use_theme_fonts=\u00a0\u00bbyes\u00a0\u00bb][vc_custom_heading text=\u00a0\u00bbLa soci\u00e9t\u00e9 RLA partenaire de la EURL Etablissement DAHMANE\u00a0\u00bb font_container=\u00a0\u00bbtag:h4|text_align:left\u00a0\u00bb skin=\u00a0\u00bbprimary\u00a0\u00bb][\/vc_column][vc_column width=\u00a0\u00bb1\/2&Prime;][vc_single_image image=\u00a0\u00bb485&Prime; img_size=\u00a0\u00bbfull\u00a0\u00bb label=\u00a0\u00bb\u00a0\u00bb][\/vc_column][\/vc_row]","og_url":"https:\/\/etsdahmane.dz\/?page_id=478","og_site_name":"ETS DAHMANE","article_modified_time":"2022-05-04T09:03:58+00:00","twitter_card":"summary_large_image","twitter_misc":{"Dur\u00e9e de lecture estim\u00e9e":"1 minute"},"schema":{"@context":"https:\/\/schema.org","@graph":[{"@type":"WebPage","@id":"https:\/\/etsdahmane.dz\/?page_id=478","url":"https:\/\/etsdahmane.dz\/?page_id=478","name":"CELLULE SANITAIRE D'origine Espagnole RLA Certifi\u00e9e au norme europ\u00e9enne - ETS DAHMANE","isPartOf":{"@id":"https:\/\/etsdahmane.dz\/#website"},"datePublished":"2022-05-04T08:20:53+00:00","dateModified":"2022-05-04T09:03:58+00:00","breadcrumb":{"@id":"https:\/\/etsdahmane.dz\/?page_id=478#breadcrumb"},"inLanguage":"fr-FR","potentialAction":[{"@type":"ReadAction","target":["https:\/\/etsdahmane.dz\/?page_id=478"]}]},{"@type":"BreadcrumbList","@id":"https:\/\/etsdahmane.dz\/?page_id=478#breadcrumb","itemListElement":[{"@type":"ListItem","position":1,"name":"Home","item":"https:\/\/etsdahmane.dz\/"},{"@type":"ListItem","position":2,"name":"CELLULE SANITAIRE D&rsquo;origine Espagnole RLA Certifi\u00e9e au norme europ\u00e9enne"}]},{"@type":"WebSite","@id":"https:\/\/etsdahmane.dz\/#website","url":"https:\/\/etsdahmane.dz\/","name":"ETS DAHMANE","description":"ETS DAHMANE","potentialAction":[{"@type":"SearchAction","target":{"@type":"EntryPoint","urlTemplate":"https:\/\/etsdahmane.dz\/?s={search_term_string}"},"query-input":{"@type":"PropertyValueSpecification","valueRequired":true,"valueName":"search_term_string"}}],"inLanguage":"fr-FR"}]}},"_links":{"self":[{"href":"https:\/\/etsdahmane.dz\/index.php?rest_route=\/wp\/v2\/pages\/478","targetHints":{"allow":["GET"]}}],"collection":[{"href":"https:\/\/etsdahmane.dz\/index.php?rest_route=\/wp\/v2\/pages"}],"about":[{"href":"https:\/\/etsdahmane.dz\/index.php?rest_route=\/wp\/v2\/types\/page"}],"author":[{"embeddable":true,"href":"https:\/\/etsdahmane.dz\/index.php?rest_route=\/wp\/v2\/users\/2"}],"replies":[{"embeddable":true,"href":"https:\/\/etsdahmane.dz\/index.php?rest_route=%2Fwp%2Fv2%2Fcomments&post=478"}],"version-history":[{"count":6,"href":"https:\/\/etsdahmane.dz\/index.php?rest_route=\/wp\/v2\/pages\/478\/revisions"}],"predecessor-version":[{"id":489,"href":"https:\/\/etsdahmane.dz\/index.php?rest_route=\/wp\/v2\/pages\/478\/revisions\/489"}],"wp:attachment":[{"href":"https:\/\/etsdahmane.dz\/index.php?rest_route=%2Fwp%2Fv2%2Fmedia&parent=478"}],"curies":[{"name":"wp","href":"https:\/\/api.w.org\/{rel}","templated":true}]}}