{"id":417,"date":"2022-04-28T12:25:23","date_gmt":"2022-04-28T12:25:23","guid":{"rendered":"https:\/\/etsdahmane.dz\/fr\/?post_type=product&#038;p=417"},"modified":"2022-04-28T12:27:37","modified_gmt":"2022-04-28T12:27:37","slug":"lit-dhopital-electrique-abs-trois-positions-variable-en-hauteur","status":"publish","type":"product","link":"https:\/\/etsdahmane.dz\/?product=lit-dhopital-electrique-abs-trois-positions-variable-en-hauteur","title":{"rendered":"LIT D\u2019H\u00d4PITAL \u00c9LECTRIQUE ABS TROIS POSITIONS VARIABLE EN HAUTEUR"},"content":{"rendered":"<p><span class=\"fontstyle0\"><strong>Dimensions :<\/strong><br \/>\n<\/span><\/p>\n<ul>\n<li>\u00a0<span class=\"fontstyle0\">Longueur : 195 cm<\/span><\/li>\n<li><span class=\"fontstyle0\">Largeur : 90 cm<\/span><\/li>\n<li><span class=\"fontstyle0\">Hauteur : r\u00e9glable de 40 \u00e0 85 cm<\/span><\/li>\n<\/ul>\n","protected":false},"excerpt":{"rendered":"<p><span class=\"fontstyle0\"><strong>Sp\u00e9cifications :<\/strong><br \/>\n\u2022 Structure en acier tube rectangle 60 x 30 peint en \u00e9poxy<br \/>\n\u2022 Sommier \u00e0 panneaux perfor\u00e9s peint en \u00e9poxy 3 positions<br \/>\n\u2022 Rel\u00e8ve buste et jambes, \u00e9lectrique<br \/>\n\u2022 Plicature de genoux \u00e9lectrique<br \/>\n\u2022 Potence \u00e0 s\u00e9rum variable en hauteur, perroquet<br \/>\n\u2022 Barri\u00e8res de s\u00e9curit\u00e9 lat\u00e9rales rabatta &#8211; bles en aluminium<br \/>\n\u2022 T\u00eate et pieds de lit en ABS<br \/>\n\u2022 Quatre roues en ABS avec freins<br \/>\n\u2022 Variable en hauteur \u00e9lectrique<br \/>\n\u2022 Poids support\u00e9e : 250 kg<\/span><strong><br \/>\n<\/strong><\/p>\n","protected":false},"featured_media":418,"comment_status":"closed","ping_status":"closed","template":"","meta":[],"product_brand":[],"product_cat":[23],"product_tag":[70],"class_list":{"0":"post-417","1":"product","2":"type-product","3":"status-publish","4":"has-post-thumbnail","6":"product_cat-literie-adulte","7":"product_tag-literie-adulte","9":"first","10":"instock","11":"shipping-taxable","12":"product-type-simple"},"yoast_head":"<!-- This site is optimized with the Yoast SEO Premium plugin v20.0 (Yoast SEO v26.9) - https:\/\/yoast.com\/product\/yoast-seo-premium-wordpress\/ -->\n<title>LIT D\u2019H\u00d4PITAL \u00c9LECTRIQUE ABS TROIS POSITIONS VARIABLE EN HAUTEUR - ETS DAHMANE<\/title>\n<meta name=\"robots\" content=\"index, follow, max-snippet:-1, max-image-preview:large, max-video-preview:-1\" \/>\n<link rel=\"canonical\" href=\"https:\/\/etsdahmane.dz\/?product=lit-dhopital-electrique-abs-trois-positions-variable-en-hauteur\" \/>\n<meta property=\"og:locale\" content=\"fr_FR\" \/>\n<meta property=\"og:type\" content=\"article\" \/>\n<meta property=\"og:title\" content=\"LIT D\u2019H\u00d4PITAL \u00c9LECTRIQUE ABS TROIS POSITIONS VARIABLE EN HAUTEUR\" \/>\n<meta property=\"og:description\" content=\"Sp\u00e9cifications : \u2022 Structure en acier tube rectangle 60 x 30 peint en \u00e9poxy \u2022 Sommier \u00e0 panneaux perfor\u00e9s peint en \u00e9poxy 3 positions \u2022 Rel\u00e8ve buste et jambes, \u00e9lectrique \u2022 Plicature de genoux \u00e9lectrique \u2022 Potence \u00e0 s\u00e9rum variable en hauteur, perroquet \u2022 Barri\u00e8res de s\u00e9curit\u00e9 lat\u00e9rales rabatta - bles en aluminium \u2022 T\u00eate et pieds de lit en ABS \u2022 Quatre roues en ABS avec freins \u2022 Variable en hauteur \u00e9lectrique \u2022 Poids support\u00e9e : 250 kg\" \/>\n<meta property=\"og:url\" content=\"https:\/\/etsdahmane.dz\/?product=lit-dhopital-electrique-abs-trois-positions-variable-en-hauteur\" \/>\n<meta property=\"og:site_name\" content=\"ETS DAHMANE\" \/>\n<meta property=\"article:modified_time\" content=\"2022-04-28T12:27:37+00:00\" \/>\n<meta property=\"og:image\" content=\"https:\/\/etsdahmane.dz\/wp-content\/uploads\/2022\/04\/LIT-DHOPITAL-ELECTRIQUE-ABS-TROIS-POSITIONS-VARIABLE.jpg\" \/>\n\t<meta property=\"og:image:width\" content=\"600\" \/>\n\t<meta property=\"og:image:height\" content=\"600\" \/>\n\t<meta property=\"og:image:type\" content=\"image\/jpeg\" \/>\n<meta name=\"twitter:card\" content=\"summary_large_image\" \/>\n<meta name=\"twitter:label1\" content=\"Dur\u00e9e de lecture estim\u00e9e\" \/>\n\t<meta name=\"twitter:data1\" content=\"1 minute\" \/>\n<script type=\"application\/ld+json\" class=\"yoast-schema-graph\">{\"@context\":\"https:\/\/schema.org\",\"@graph\":[{\"@type\":\"WebPage\",\"@id\":\"https:\/\/etsdahmane.dz\/?product=lit-dhopital-electrique-abs-trois-positions-variable-en-hauteur\",\"url\":\"https:\/\/etsdahmane.dz\/?product=lit-dhopital-electrique-abs-trois-positions-variable-en-hauteur\",\"name\":\"LIT D\u2019H\u00d4PITAL \u00c9LECTRIQUE ABS TROIS POSITIONS VARIABLE EN HAUTEUR - ETS DAHMANE\",\"isPartOf\":{\"@id\":\"https:\/\/etsdahmane.dz\/#website\"},\"primaryImageOfPage\":{\"@id\":\"https:\/\/etsdahmane.dz\/?product=lit-dhopital-electrique-abs-trois-positions-variable-en-hauteur#primaryimage\"},\"image\":{\"@id\":\"https:\/\/etsdahmane.dz\/?product=lit-dhopital-electrique-abs-trois-positions-variable-en-hauteur#primaryimage\"},\"thumbnailUrl\":\"https:\/\/etsdahmane.dz\/wp-content\/uploads\/2022\/04\/LIT-DHOPITAL-ELECTRIQUE-ABS-TROIS-POSITIONS-VARIABLE.jpg\",\"datePublished\":\"2022-04-28T12:25:23+00:00\",\"dateModified\":\"2022-04-28T12:27:37+00:00\",\"breadcrumb\":{\"@id\":\"https:\/\/etsdahmane.dz\/?product=lit-dhopital-electrique-abs-trois-positions-variable-en-hauteur#breadcrumb\"},\"inLanguage\":\"fr-FR\",\"potentialAction\":[{\"@type\":\"ReadAction\",\"target\":[\"https:\/\/etsdahmane.dz\/?product=lit-dhopital-electrique-abs-trois-positions-variable-en-hauteur\"]}]},{\"@type\":\"ImageObject\",\"inLanguage\":\"fr-FR\",\"@id\":\"https:\/\/etsdahmane.dz\/?product=lit-dhopital-electrique-abs-trois-positions-variable-en-hauteur#primaryimage\",\"url\":\"https:\/\/etsdahmane.dz\/wp-content\/uploads\/2022\/04\/LIT-DHOPITAL-ELECTRIQUE-ABS-TROIS-POSITIONS-VARIABLE.jpg\",\"contentUrl\":\"https:\/\/etsdahmane.dz\/wp-content\/uploads\/2022\/04\/LIT-DHOPITAL-ELECTRIQUE-ABS-TROIS-POSITIONS-VARIABLE.jpg\",\"width\":600,\"height\":600},{\"@type\":\"BreadcrumbList\",\"@id\":\"https:\/\/etsdahmane.dz\/?product=lit-dhopital-electrique-abs-trois-positions-variable-en-hauteur#breadcrumb\",\"itemListElement\":[{\"@type\":\"ListItem\",\"position\":1,\"name\":\"Home\",\"item\":\"https:\/\/etsdahmane.dz\/\"},{\"@type\":\"ListItem\",\"position\":2,\"name\":\"Sample Page\",\"item\":\"https:\/\/etsdahmane.dz\/?page_id=2\"},{\"@type\":\"ListItem\",\"position\":3,\"name\":\"LIT D\u2019H\u00d4PITAL \u00c9LECTRIQUE ABS TROIS POSITIONS VARIABLE EN HAUTEUR\"}]},{\"@type\":\"WebSite\",\"@id\":\"https:\/\/etsdahmane.dz\/#website\",\"url\":\"https:\/\/etsdahmane.dz\/\",\"name\":\"ETS DAHMANE\",\"description\":\"ETS DAHMANE\",\"potentialAction\":[{\"@type\":\"SearchAction\",\"target\":{\"@type\":\"EntryPoint\",\"urlTemplate\":\"https:\/\/etsdahmane.dz\/?s={search_term_string}\"},\"query-input\":{\"@type\":\"PropertyValueSpecification\",\"valueRequired\":true,\"valueName\":\"search_term_string\"}}],\"inLanguage\":\"fr-FR\"}]}<\/script>\n<!-- \/ Yoast SEO Premium plugin. -->","yoast_head_json":{"title":"LIT D\u2019H\u00d4PITAL \u00c9LECTRIQUE ABS TROIS POSITIONS VARIABLE EN HAUTEUR - ETS DAHMANE","robots":{"index":"index","follow":"follow","max-snippet":"max-snippet:-1","max-image-preview":"max-image-preview:large","max-video-preview":"max-video-preview:-1"},"canonical":"https:\/\/etsdahmane.dz\/?product=lit-dhopital-electrique-abs-trois-positions-variable-en-hauteur","og_locale":"fr_FR","og_type":"article","og_title":"LIT D\u2019H\u00d4PITAL \u00c9LECTRIQUE ABS TROIS POSITIONS VARIABLE EN HAUTEUR","og_description":"Sp\u00e9cifications : \u2022 Structure en acier tube rectangle 60 x 30 peint en \u00e9poxy \u2022 Sommier \u00e0 panneaux perfor\u00e9s peint en \u00e9poxy 3 positions \u2022 Rel\u00e8ve buste et jambes, \u00e9lectrique \u2022 Plicature de genoux \u00e9lectrique \u2022 Potence \u00e0 s\u00e9rum variable en hauteur, perroquet \u2022 Barri\u00e8res de s\u00e9curit\u00e9 lat\u00e9rales rabatta - bles en aluminium \u2022 T\u00eate et pieds de lit en ABS \u2022 Quatre roues en ABS avec freins \u2022 Variable en hauteur \u00e9lectrique \u2022 Poids support\u00e9e : 250 kg","og_url":"https:\/\/etsdahmane.dz\/?product=lit-dhopital-electrique-abs-trois-positions-variable-en-hauteur","og_site_name":"ETS DAHMANE","article_modified_time":"2022-04-28T12:27:37+00:00","og_image":[{"width":600,"height":600,"url":"https:\/\/etsdahmane.dz\/wp-content\/uploads\/2022\/04\/LIT-DHOPITAL-ELECTRIQUE-ABS-TROIS-POSITIONS-VARIABLE.jpg","type":"image\/jpeg"}],"twitter_card":"summary_large_image","twitter_misc":{"Dur\u00e9e de lecture estim\u00e9e":"1 minute"},"schema":{"@context":"https:\/\/schema.org","@graph":[{"@type":"WebPage","@id":"https:\/\/etsdahmane.dz\/?product=lit-dhopital-electrique-abs-trois-positions-variable-en-hauteur","url":"https:\/\/etsdahmane.dz\/?product=lit-dhopital-electrique-abs-trois-positions-variable-en-hauteur","name":"LIT D\u2019H\u00d4PITAL \u00c9LECTRIQUE ABS TROIS POSITIONS VARIABLE EN HAUTEUR - ETS DAHMANE","isPartOf":{"@id":"https:\/\/etsdahmane.dz\/#website"},"primaryImageOfPage":{"@id":"https:\/\/etsdahmane.dz\/?product=lit-dhopital-electrique-abs-trois-positions-variable-en-hauteur#primaryimage"},"image":{"@id":"https:\/\/etsdahmane.dz\/?product=lit-dhopital-electrique-abs-trois-positions-variable-en-hauteur#primaryimage"},"thumbnailUrl":"https:\/\/etsdahmane.dz\/wp-content\/uploads\/2022\/04\/LIT-DHOPITAL-ELECTRIQUE-ABS-TROIS-POSITIONS-VARIABLE.jpg","datePublished":"2022-04-28T12:25:23+00:00","dateModified":"2022-04-28T12:27:37+00:00","breadcrumb":{"@id":"https:\/\/etsdahmane.dz\/?product=lit-dhopital-electrique-abs-trois-positions-variable-en-hauteur#breadcrumb"},"inLanguage":"fr-FR","potentialAction":[{"@type":"ReadAction","target":["https:\/\/etsdahmane.dz\/?product=lit-dhopital-electrique-abs-trois-positions-variable-en-hauteur"]}]},{"@type":"ImageObject","inLanguage":"fr-FR","@id":"https:\/\/etsdahmane.dz\/?product=lit-dhopital-electrique-abs-trois-positions-variable-en-hauteur#primaryimage","url":"https:\/\/etsdahmane.dz\/wp-content\/uploads\/2022\/04\/LIT-DHOPITAL-ELECTRIQUE-ABS-TROIS-POSITIONS-VARIABLE.jpg","contentUrl":"https:\/\/etsdahmane.dz\/wp-content\/uploads\/2022\/04\/LIT-DHOPITAL-ELECTRIQUE-ABS-TROIS-POSITIONS-VARIABLE.jpg","width":600,"height":600},{"@type":"BreadcrumbList","@id":"https:\/\/etsdahmane.dz\/?product=lit-dhopital-electrique-abs-trois-positions-variable-en-hauteur#breadcrumb","itemListElement":[{"@type":"ListItem","position":1,"name":"Home","item":"https:\/\/etsdahmane.dz\/"},{"@type":"ListItem","position":2,"name":"Sample Page","item":"https:\/\/etsdahmane.dz\/?page_id=2"},{"@type":"ListItem","position":3,"name":"LIT D\u2019H\u00d4PITAL \u00c9LECTRIQUE ABS TROIS POSITIONS VARIABLE EN HAUTEUR"}]},{"@type":"WebSite","@id":"https:\/\/etsdahmane.dz\/#website","url":"https:\/\/etsdahmane.dz\/","name":"ETS DAHMANE","description":"ETS DAHMANE","potentialAction":[{"@type":"SearchAction","target":{"@type":"EntryPoint","urlTemplate":"https:\/\/etsdahmane.dz\/?s={search_term_string}"},"query-input":{"@type":"PropertyValueSpecification","valueRequired":true,"valueName":"search_term_string"}}],"inLanguage":"fr-FR"}]}},"_links":{"self":[{"href":"https:\/\/etsdahmane.dz\/index.php?rest_route=\/wp\/v2\/product\/417","targetHints":{"allow":["GET"]}}],"collection":[{"href":"https:\/\/etsdahmane.dz\/index.php?rest_route=\/wp\/v2\/product"}],"about":[{"href":"https:\/\/etsdahmane.dz\/index.php?rest_route=\/wp\/v2\/types\/product"}],"replies":[{"embeddable":true,"href":"https:\/\/etsdahmane.dz\/index.php?rest_route=%2Fwp%2Fv2%2Fcomments&post=417"}],"wp:featuredmedia":[{"embeddable":true,"href":"https:\/\/etsdahmane.dz\/index.php?rest_route=\/wp\/v2\/media\/418"}],"wp:attachment":[{"href":"https:\/\/etsdahmane.dz\/index.php?rest_route=%2Fwp%2Fv2%2Fmedia&parent=417"}],"wp:term":[{"taxonomy":"product_brand","embeddable":true,"href":"https:\/\/etsdahmane.dz\/index.php?rest_route=%2Fwp%2Fv2%2Fproduct_brand&post=417"},{"taxonomy":"product_cat","embeddable":true,"href":"https:\/\/etsdahmane.dz\/index.php?rest_route=%2Fwp%2Fv2%2Fproduct_cat&post=417"},{"taxonomy":"product_tag","embeddable":true,"href":"https:\/\/etsdahmane.dz\/index.php?rest_route=%2Fwp%2Fv2%2Fproduct_tag&post=417"}],"curies":[{"name":"wp","href":"https:\/\/api.w.org\/{rel}","templated":true}]}}