{"id":522,"date":"2022-05-04T10:12:33","date_gmt":"2022-05-04T10:12:33","guid":{"rendered":"https:\/\/etsdahmane.dz\/fr\/?post_type=product&#038;p=522"},"modified":"2022-05-04T10:15:05","modified_gmt":"2022-05-04T10:15:05","slug":"table-de-gynecologie-chromee","status":"publish","type":"product","link":"https:\/\/etsdahmane.dz\/?product=table-de-gynecologie-chromee","title":{"rendered":"TABLE DE GYN\u00c9COLOGIE Chrom\u00e9e"},"content":{"rendered":"<p><b><span class=\"fontstyle0\">Dimensions :<br \/>\n<\/span><\/b><\/p>\n<ul>\n<li><span class=\"fontstyle2\">Longueur : 180 cm<\/span><\/li>\n<li><span class=\"fontstyle2\">Largeur : 58 cm<\/span><\/li>\n<li><span class=\"fontstyle2\">Hauteur : 80 cm<\/span><\/li>\n<\/ul>\n","protected":false},"excerpt":{"rendered":"<p><span class=\"fontstyle0\"><strong><span style=\"color: #000000;\">Sp\u00e9cifications :\u00a0<\/span><\/strong><\/span><\/p>\n<p><span class=\"fontstyle0\"><span style=\"color: #000000;\">\u2022<\/span><span style=\"color: #000000;\"> Structure en acier tube rond de 32 chrom\u00e9<\/span><span style=\"color: #000000;\"><br \/>\n\u2022 Garniture ska\u00ef antibact\u00e9rien avec mousse rigide<br \/>\n\u2022 Rel\u00e8ve buste et rel\u00e8ve jambes s\u00e9par\u00e9s avec un syst\u00e8me de cr\u00e9maill\u00e8re<br \/>\n\u2022 Jambiers en acier chrome<br \/>\n<\/span><span style=\"color: #000000;\">\u2022 Cuvette en inox<\/span><strong><span style=\"color: #000000;\"><br \/>\n<\/span><\/strong><br \/>\n<\/span><\/p>\n<p>&nbsp;<\/p>\n<p>&nbsp;<\/p>\n","protected":false},"featured_media":523,"comment_status":"closed","ping_status":"closed","template":"","meta":[],"product_brand":[],"product_cat":[29],"product_tag":[74],"class_list":{"0":"post-522","1":"product","2":"type-product","3":"status-publish","4":"has-post-thumbnail","6":"product_cat-tables-gynecologie","7":"product_tag-tables-gynecologie","9":"first","10":"instock","11":"shipping-taxable","12":"product-type-simple"},"yoast_head":"<!-- This site is optimized with the Yoast SEO Premium plugin v20.0 (Yoast SEO v26.9) - https:\/\/yoast.com\/product\/yoast-seo-premium-wordpress\/ -->\n<title>TABLE DE GYN\u00c9COLOGIE Chrom\u00e9e - ETS DAHMANE<\/title>\n<meta name=\"robots\" content=\"index, follow, max-snippet:-1, max-image-preview:large, max-video-preview:-1\" \/>\n<link rel=\"canonical\" href=\"https:\/\/etsdahmane.dz\/?product=table-de-gynecologie-chromee\" \/>\n<meta property=\"og:locale\" content=\"fr_FR\" \/>\n<meta property=\"og:type\" content=\"article\" \/>\n<meta property=\"og:title\" content=\"TABLE DE GYN\u00c9COLOGIE Chrom\u00e9e\" \/>\n<meta property=\"og:description\" content=\"Sp\u00e9cifications :\u00a0  \u2022 Structure en acier tube rond de 32 chrom\u00e9 \u2022 Garniture ska\u00ef antibact\u00e9rien avec mousse rigide \u2022 Rel\u00e8ve buste et rel\u00e8ve jambes s\u00e9par\u00e9s avec un syst\u00e8me de cr\u00e9maill\u00e8re \u2022 Jambiers en acier chrome \u2022 Cuvette en inox    &nbsp;  &nbsp;\" \/>\n<meta property=\"og:url\" content=\"https:\/\/etsdahmane.dz\/?product=table-de-gynecologie-chromee\" \/>\n<meta property=\"og:site_name\" content=\"ETS DAHMANE\" \/>\n<meta property=\"article:modified_time\" content=\"2022-05-04T10:15:05+00:00\" \/>\n<meta property=\"og:image\" content=\"https:\/\/etsdahmane.dz\/wp-content\/uploads\/2022\/05\/TABLES-GYNECOLOGUE-1-ETS-DAHMANE-TIZI-OUZOU-ALGERIE.jpg\" \/>\n\t<meta property=\"og:image:width\" content=\"600\" \/>\n\t<meta property=\"og:image:height\" content=\"600\" \/>\n\t<meta property=\"og:image:type\" content=\"image\/jpeg\" \/>\n<meta name=\"twitter:card\" content=\"summary_large_image\" \/>\n<meta name=\"twitter:label1\" content=\"Dur\u00e9e de lecture estim\u00e9e\" \/>\n\t<meta name=\"twitter:data1\" content=\"1 minute\" \/>\n<script type=\"application\/ld+json\" class=\"yoast-schema-graph\">{\"@context\":\"https:\/\/schema.org\",\"@graph\":[{\"@type\":\"WebPage\",\"@id\":\"https:\/\/etsdahmane.dz\/?product=table-de-gynecologie-chromee\",\"url\":\"https:\/\/etsdahmane.dz\/?product=table-de-gynecologie-chromee\",\"name\":\"TABLE DE GYN\u00c9COLOGIE Chrom\u00e9e - ETS DAHMANE\",\"isPartOf\":{\"@id\":\"https:\/\/etsdahmane.dz\/#website\"},\"primaryImageOfPage\":{\"@id\":\"https:\/\/etsdahmane.dz\/?product=table-de-gynecologie-chromee#primaryimage\"},\"image\":{\"@id\":\"https:\/\/etsdahmane.dz\/?product=table-de-gynecologie-chromee#primaryimage\"},\"thumbnailUrl\":\"https:\/\/etsdahmane.dz\/wp-content\/uploads\/2022\/05\/TABLES-GYNECOLOGUE-1-ETS-DAHMANE-TIZI-OUZOU-ALGERIE.jpg\",\"datePublished\":\"2022-05-04T10:12:33+00:00\",\"dateModified\":\"2022-05-04T10:15:05+00:00\",\"breadcrumb\":{\"@id\":\"https:\/\/etsdahmane.dz\/?product=table-de-gynecologie-chromee#breadcrumb\"},\"inLanguage\":\"fr-FR\",\"potentialAction\":[{\"@type\":\"ReadAction\",\"target\":[\"https:\/\/etsdahmane.dz\/?product=table-de-gynecologie-chromee\"]}]},{\"@type\":\"ImageObject\",\"inLanguage\":\"fr-FR\",\"@id\":\"https:\/\/etsdahmane.dz\/?product=table-de-gynecologie-chromee#primaryimage\",\"url\":\"https:\/\/etsdahmane.dz\/wp-content\/uploads\/2022\/05\/TABLES-GYNECOLOGUE-1-ETS-DAHMANE-TIZI-OUZOU-ALGERIE.jpg\",\"contentUrl\":\"https:\/\/etsdahmane.dz\/wp-content\/uploads\/2022\/05\/TABLES-GYNECOLOGUE-1-ETS-DAHMANE-TIZI-OUZOU-ALGERIE.jpg\",\"width\":600,\"height\":600},{\"@type\":\"BreadcrumbList\",\"@id\":\"https:\/\/etsdahmane.dz\/?product=table-de-gynecologie-chromee#breadcrumb\",\"itemListElement\":[{\"@type\":\"ListItem\",\"position\":1,\"name\":\"Home\",\"item\":\"https:\/\/etsdahmane.dz\/\"},{\"@type\":\"ListItem\",\"position\":2,\"name\":\"Sample Page\",\"item\":\"https:\/\/etsdahmane.dz\/?page_id=2\"},{\"@type\":\"ListItem\",\"position\":3,\"name\":\"TABLE DE GYN\u00c9COLOGIE Chrom\u00e9e\"}]},{\"@type\":\"WebSite\",\"@id\":\"https:\/\/etsdahmane.dz\/#website\",\"url\":\"https:\/\/etsdahmane.dz\/\",\"name\":\"ETS DAHMANE\",\"description\":\"ETS DAHMANE\",\"potentialAction\":[{\"@type\":\"SearchAction\",\"target\":{\"@type\":\"EntryPoint\",\"urlTemplate\":\"https:\/\/etsdahmane.dz\/?s={search_term_string}\"},\"query-input\":{\"@type\":\"PropertyValueSpecification\",\"valueRequired\":true,\"valueName\":\"search_term_string\"}}],\"inLanguage\":\"fr-FR\"}]}<\/script>\n<!-- \/ Yoast SEO Premium plugin. -->","yoast_head_json":{"title":"TABLE DE GYN\u00c9COLOGIE Chrom\u00e9e - ETS DAHMANE","robots":{"index":"index","follow":"follow","max-snippet":"max-snippet:-1","max-image-preview":"max-image-preview:large","max-video-preview":"max-video-preview:-1"},"canonical":"https:\/\/etsdahmane.dz\/?product=table-de-gynecologie-chromee","og_locale":"fr_FR","og_type":"article","og_title":"TABLE DE GYN\u00c9COLOGIE Chrom\u00e9e","og_description":"Sp\u00e9cifications :\u00a0  \u2022 Structure en acier tube rond de 32 chrom\u00e9 \u2022 Garniture ska\u00ef antibact\u00e9rien avec mousse rigide \u2022 Rel\u00e8ve buste et rel\u00e8ve jambes s\u00e9par\u00e9s avec un syst\u00e8me de cr\u00e9maill\u00e8re \u2022 Jambiers en acier chrome \u2022 Cuvette en inox    &nbsp;  &nbsp;","og_url":"https:\/\/etsdahmane.dz\/?product=table-de-gynecologie-chromee","og_site_name":"ETS DAHMANE","article_modified_time":"2022-05-04T10:15:05+00:00","og_image":[{"width":600,"height":600,"url":"https:\/\/etsdahmane.dz\/wp-content\/uploads\/2022\/05\/TABLES-GYNECOLOGUE-1-ETS-DAHMANE-TIZI-OUZOU-ALGERIE.jpg","type":"image\/jpeg"}],"twitter_card":"summary_large_image","twitter_misc":{"Dur\u00e9e de lecture estim\u00e9e":"1 minute"},"schema":{"@context":"https:\/\/schema.org","@graph":[{"@type":"WebPage","@id":"https:\/\/etsdahmane.dz\/?product=table-de-gynecologie-chromee","url":"https:\/\/etsdahmane.dz\/?product=table-de-gynecologie-chromee","name":"TABLE DE GYN\u00c9COLOGIE Chrom\u00e9e - ETS DAHMANE","isPartOf":{"@id":"https:\/\/etsdahmane.dz\/#website"},"primaryImageOfPage":{"@id":"https:\/\/etsdahmane.dz\/?product=table-de-gynecologie-chromee#primaryimage"},"image":{"@id":"https:\/\/etsdahmane.dz\/?product=table-de-gynecologie-chromee#primaryimage"},"thumbnailUrl":"https:\/\/etsdahmane.dz\/wp-content\/uploads\/2022\/05\/TABLES-GYNECOLOGUE-1-ETS-DAHMANE-TIZI-OUZOU-ALGERIE.jpg","datePublished":"2022-05-04T10:12:33+00:00","dateModified":"2022-05-04T10:15:05+00:00","breadcrumb":{"@id":"https:\/\/etsdahmane.dz\/?product=table-de-gynecologie-chromee#breadcrumb"},"inLanguage":"fr-FR","potentialAction":[{"@type":"ReadAction","target":["https:\/\/etsdahmane.dz\/?product=table-de-gynecologie-chromee"]}]},{"@type":"ImageObject","inLanguage":"fr-FR","@id":"https:\/\/etsdahmane.dz\/?product=table-de-gynecologie-chromee#primaryimage","url":"https:\/\/etsdahmane.dz\/wp-content\/uploads\/2022\/05\/TABLES-GYNECOLOGUE-1-ETS-DAHMANE-TIZI-OUZOU-ALGERIE.jpg","contentUrl":"https:\/\/etsdahmane.dz\/wp-content\/uploads\/2022\/05\/TABLES-GYNECOLOGUE-1-ETS-DAHMANE-TIZI-OUZOU-ALGERIE.jpg","width":600,"height":600},{"@type":"BreadcrumbList","@id":"https:\/\/etsdahmane.dz\/?product=table-de-gynecologie-chromee#breadcrumb","itemListElement":[{"@type":"ListItem","position":1,"name":"Home","item":"https:\/\/etsdahmane.dz\/"},{"@type":"ListItem","position":2,"name":"Sample Page","item":"https:\/\/etsdahmane.dz\/?page_id=2"},{"@type":"ListItem","position":3,"name":"TABLE DE GYN\u00c9COLOGIE Chrom\u00e9e"}]},{"@type":"WebSite","@id":"https:\/\/etsdahmane.dz\/#website","url":"https:\/\/etsdahmane.dz\/","name":"ETS DAHMANE","description":"ETS DAHMANE","potentialAction":[{"@type":"SearchAction","target":{"@type":"EntryPoint","urlTemplate":"https:\/\/etsdahmane.dz\/?s={search_term_string}"},"query-input":{"@type":"PropertyValueSpecification","valueRequired":true,"valueName":"search_term_string"}}],"inLanguage":"fr-FR"}]}},"_links":{"self":[{"href":"https:\/\/etsdahmane.dz\/index.php?rest_route=\/wp\/v2\/product\/522","targetHints":{"allow":["GET"]}}],"collection":[{"href":"https:\/\/etsdahmane.dz\/index.php?rest_route=\/wp\/v2\/product"}],"about":[{"href":"https:\/\/etsdahmane.dz\/index.php?rest_route=\/wp\/v2\/types\/product"}],"replies":[{"embeddable":true,"href":"https:\/\/etsdahmane.dz\/index.php?rest_route=%2Fwp%2Fv2%2Fcomments&post=522"}],"wp:featuredmedia":[{"embeddable":true,"href":"https:\/\/etsdahmane.dz\/index.php?rest_route=\/wp\/v2\/media\/523"}],"wp:attachment":[{"href":"https:\/\/etsdahmane.dz\/index.php?rest_route=%2Fwp%2Fv2%2Fmedia&parent=522"}],"wp:term":[{"taxonomy":"product_brand","embeddable":true,"href":"https:\/\/etsdahmane.dz\/index.php?rest_route=%2Fwp%2Fv2%2Fproduct_brand&post=522"},{"taxonomy":"product_cat","embeddable":true,"href":"https:\/\/etsdahmane.dz\/index.php?rest_route=%2Fwp%2Fv2%2Fproduct_cat&post=522"},{"taxonomy":"product_tag","embeddable":true,"href":"https:\/\/etsdahmane.dz\/index.php?rest_route=%2Fwp%2Fv2%2Fproduct_tag&post=522"}],"curies":[{"name":"wp","href":"https:\/\/api.w.org\/{rel}","templated":true}]}}