{"id":558,"date":"2022-05-04T12:14:01","date_gmt":"2022-05-04T12:14:01","guid":{"rendered":"https:\/\/etsdahmane.dz\/fr\/?post_type=product&#038;p=558"},"modified":"2022-05-04T12:15:09","modified_gmt":"2022-05-04T12:15:09","slug":"potence-a-serum-epoxy-4-crochets","status":"publish","type":"product","link":"https:\/\/etsdahmane.dz\/?product=potence-a-serum-epoxy-4-crochets","title":{"rendered":"POTENCE \u00c0 S\u00c9RUM \u00c9POXY 4 CROCHETS"},"content":{"rendered":"<p><b> <span class=\"fontstyle0\">Dimensions :<br \/>\n<\/span><\/b><\/p>\n<ul>\n<li>\u00a0<span class=\"fontstyle0\">Hauteur variable : 105 \u00e0 205 cm<\/span><\/li>\n<\/ul>\n","protected":false},"excerpt":{"rendered":"<p><span class=\"fontstyle0\"><strong><span style=\"color: #000000;\">Sp\u00e9cifications :\u00a0<\/span><\/strong><\/span><\/p>\n<p><span class=\"fontstyle0\">\u2022 Fabrication en tube rond diam\u00e8tre 25, \u00e9poxy<br \/>\n\u2022 5 pieds en plastique<br \/>\n\u2022 5 roues en plastique<br \/>\n\u2022 4 crochets porte s\u00e9rum<br \/>\n\u2022 Couleur turquoise ou grise<\/span><\/p>\n<p>&nbsp;<\/p>\n<p>&nbsp;<\/p>\n<p>&nbsp;<\/p>\n","protected":false},"featured_media":559,"comment_status":"closed","ping_status":"closed","template":"","meta":[],"product_brand":[],"product_cat":[76],"product_tag":[78],"class_list":{"0":"post-558","1":"product","2":"type-product","3":"status-publish","4":"has-post-thumbnail","6":"product_cat-potences","7":"product_tag-potences","9":"first","10":"instock","11":"shipping-taxable","12":"product-type-simple"},"yoast_head":"<!-- This site is optimized with the Yoast SEO Premium plugin v20.0 (Yoast SEO v26.9) - https:\/\/yoast.com\/product\/yoast-seo-premium-wordpress\/ -->\n<title>POTENCE \u00c0 S\u00c9RUM \u00c9POXY 4 CROCHETS - ETS DAHMANE<\/title>\n<meta name=\"robots\" content=\"index, follow, max-snippet:-1, max-image-preview:large, max-video-preview:-1\" \/>\n<link rel=\"canonical\" href=\"https:\/\/etsdahmane.dz\/?product=potence-a-serum-epoxy-4-crochets\" \/>\n<meta property=\"og:locale\" content=\"fr_FR\" \/>\n<meta property=\"og:type\" content=\"article\" \/>\n<meta property=\"og:title\" content=\"POTENCE \u00c0 S\u00c9RUM \u00c9POXY 4 CROCHETS\" \/>\n<meta property=\"og:description\" content=\"Sp\u00e9cifications :\u00a0  \u2022 Fabrication en tube rond diam\u00e8tre 25, \u00e9poxy \u2022 5 pieds en plastique \u2022 5 roues en plastique \u2022 4 crochets porte s\u00e9rum \u2022 Couleur turquoise ou grise  &nbsp;  &nbsp;  &nbsp;\" \/>\n<meta property=\"og:url\" content=\"https:\/\/etsdahmane.dz\/?product=potence-a-serum-epoxy-4-crochets\" \/>\n<meta property=\"og:site_name\" content=\"ETS DAHMANE\" \/>\n<meta property=\"article:modified_time\" content=\"2022-05-04T12:15:09+00:00\" \/>\n<meta property=\"og:image\" content=\"https:\/\/etsdahmane.dz\/wp-content\/uploads\/2022\/05\/POTENCE-A-SERUM-EPOXY-4-CROCHETS-1.jpg\" \/>\n\t<meta property=\"og:image:width\" content=\"600\" \/>\n\t<meta property=\"og:image:height\" content=\"600\" \/>\n\t<meta property=\"og:image:type\" content=\"image\/jpeg\" \/>\n<meta name=\"twitter:card\" content=\"summary_large_image\" \/>\n<meta name=\"twitter:label1\" content=\"Dur\u00e9e de lecture estim\u00e9e\" \/>\n\t<meta name=\"twitter:data1\" content=\"1 minute\" \/>\n<script type=\"application\/ld+json\" class=\"yoast-schema-graph\">{\"@context\":\"https:\/\/schema.org\",\"@graph\":[{\"@type\":\"WebPage\",\"@id\":\"https:\/\/etsdahmane.dz\/?product=potence-a-serum-epoxy-4-crochets\",\"url\":\"https:\/\/etsdahmane.dz\/?product=potence-a-serum-epoxy-4-crochets\",\"name\":\"POTENCE \u00c0 S\u00c9RUM \u00c9POXY 4 CROCHETS - ETS DAHMANE\",\"isPartOf\":{\"@id\":\"https:\/\/etsdahmane.dz\/#website\"},\"primaryImageOfPage\":{\"@id\":\"https:\/\/etsdahmane.dz\/?product=potence-a-serum-epoxy-4-crochets#primaryimage\"},\"image\":{\"@id\":\"https:\/\/etsdahmane.dz\/?product=potence-a-serum-epoxy-4-crochets#primaryimage\"},\"thumbnailUrl\":\"https:\/\/etsdahmane.dz\/wp-content\/uploads\/2022\/05\/POTENCE-A-SERUM-EPOXY-4-CROCHETS-1.jpg\",\"datePublished\":\"2022-05-04T12:14:01+00:00\",\"dateModified\":\"2022-05-04T12:15:09+00:00\",\"breadcrumb\":{\"@id\":\"https:\/\/etsdahmane.dz\/?product=potence-a-serum-epoxy-4-crochets#breadcrumb\"},\"inLanguage\":\"fr-FR\",\"potentialAction\":[{\"@type\":\"ReadAction\",\"target\":[\"https:\/\/etsdahmane.dz\/?product=potence-a-serum-epoxy-4-crochets\"]}]},{\"@type\":\"ImageObject\",\"inLanguage\":\"fr-FR\",\"@id\":\"https:\/\/etsdahmane.dz\/?product=potence-a-serum-epoxy-4-crochets#primaryimage\",\"url\":\"https:\/\/etsdahmane.dz\/wp-content\/uploads\/2022\/05\/POTENCE-A-SERUM-EPOXY-4-CROCHETS-1.jpg\",\"contentUrl\":\"https:\/\/etsdahmane.dz\/wp-content\/uploads\/2022\/05\/POTENCE-A-SERUM-EPOXY-4-CROCHETS-1.jpg\",\"width\":600,\"height\":600},{\"@type\":\"BreadcrumbList\",\"@id\":\"https:\/\/etsdahmane.dz\/?product=potence-a-serum-epoxy-4-crochets#breadcrumb\",\"itemListElement\":[{\"@type\":\"ListItem\",\"position\":1,\"name\":\"Home\",\"item\":\"https:\/\/etsdahmane.dz\/\"},{\"@type\":\"ListItem\",\"position\":2,\"name\":\"Sample Page\",\"item\":\"https:\/\/etsdahmane.dz\/?page_id=2\"},{\"@type\":\"ListItem\",\"position\":3,\"name\":\"POTENCE \u00c0 S\u00c9RUM \u00c9POXY 4 CROCHETS\"}]},{\"@type\":\"WebSite\",\"@id\":\"https:\/\/etsdahmane.dz\/#website\",\"url\":\"https:\/\/etsdahmane.dz\/\",\"name\":\"ETS DAHMANE\",\"description\":\"ETS DAHMANE\",\"potentialAction\":[{\"@type\":\"SearchAction\",\"target\":{\"@type\":\"EntryPoint\",\"urlTemplate\":\"https:\/\/etsdahmane.dz\/?s={search_term_string}\"},\"query-input\":{\"@type\":\"PropertyValueSpecification\",\"valueRequired\":true,\"valueName\":\"search_term_string\"}}],\"inLanguage\":\"fr-FR\"}]}<\/script>\n<!-- \/ Yoast SEO Premium plugin. -->","yoast_head_json":{"title":"POTENCE \u00c0 S\u00c9RUM \u00c9POXY 4 CROCHETS - ETS DAHMANE","robots":{"index":"index","follow":"follow","max-snippet":"max-snippet:-1","max-image-preview":"max-image-preview:large","max-video-preview":"max-video-preview:-1"},"canonical":"https:\/\/etsdahmane.dz\/?product=potence-a-serum-epoxy-4-crochets","og_locale":"fr_FR","og_type":"article","og_title":"POTENCE \u00c0 S\u00c9RUM \u00c9POXY 4 CROCHETS","og_description":"Sp\u00e9cifications :\u00a0  \u2022 Fabrication en tube rond diam\u00e8tre 25, \u00e9poxy \u2022 5 pieds en plastique \u2022 5 roues en plastique \u2022 4 crochets porte s\u00e9rum \u2022 Couleur turquoise ou grise  &nbsp;  &nbsp;  &nbsp;","og_url":"https:\/\/etsdahmane.dz\/?product=potence-a-serum-epoxy-4-crochets","og_site_name":"ETS DAHMANE","article_modified_time":"2022-05-04T12:15:09+00:00","og_image":[{"width":600,"height":600,"url":"https:\/\/etsdahmane.dz\/wp-content\/uploads\/2022\/05\/POTENCE-A-SERUM-EPOXY-4-CROCHETS-1.jpg","type":"image\/jpeg"}],"twitter_card":"summary_large_image","twitter_misc":{"Dur\u00e9e de lecture estim\u00e9e":"1 minute"},"schema":{"@context":"https:\/\/schema.org","@graph":[{"@type":"WebPage","@id":"https:\/\/etsdahmane.dz\/?product=potence-a-serum-epoxy-4-crochets","url":"https:\/\/etsdahmane.dz\/?product=potence-a-serum-epoxy-4-crochets","name":"POTENCE \u00c0 S\u00c9RUM \u00c9POXY 4 CROCHETS - ETS DAHMANE","isPartOf":{"@id":"https:\/\/etsdahmane.dz\/#website"},"primaryImageOfPage":{"@id":"https:\/\/etsdahmane.dz\/?product=potence-a-serum-epoxy-4-crochets#primaryimage"},"image":{"@id":"https:\/\/etsdahmane.dz\/?product=potence-a-serum-epoxy-4-crochets#primaryimage"},"thumbnailUrl":"https:\/\/etsdahmane.dz\/wp-content\/uploads\/2022\/05\/POTENCE-A-SERUM-EPOXY-4-CROCHETS-1.jpg","datePublished":"2022-05-04T12:14:01+00:00","dateModified":"2022-05-04T12:15:09+00:00","breadcrumb":{"@id":"https:\/\/etsdahmane.dz\/?product=potence-a-serum-epoxy-4-crochets#breadcrumb"},"inLanguage":"fr-FR","potentialAction":[{"@type":"ReadAction","target":["https:\/\/etsdahmane.dz\/?product=potence-a-serum-epoxy-4-crochets"]}]},{"@type":"ImageObject","inLanguage":"fr-FR","@id":"https:\/\/etsdahmane.dz\/?product=potence-a-serum-epoxy-4-crochets#primaryimage","url":"https:\/\/etsdahmane.dz\/wp-content\/uploads\/2022\/05\/POTENCE-A-SERUM-EPOXY-4-CROCHETS-1.jpg","contentUrl":"https:\/\/etsdahmane.dz\/wp-content\/uploads\/2022\/05\/POTENCE-A-SERUM-EPOXY-4-CROCHETS-1.jpg","width":600,"height":600},{"@type":"BreadcrumbList","@id":"https:\/\/etsdahmane.dz\/?product=potence-a-serum-epoxy-4-crochets#breadcrumb","itemListElement":[{"@type":"ListItem","position":1,"name":"Home","item":"https:\/\/etsdahmane.dz\/"},{"@type":"ListItem","position":2,"name":"Sample Page","item":"https:\/\/etsdahmane.dz\/?page_id=2"},{"@type":"ListItem","position":3,"name":"POTENCE \u00c0 S\u00c9RUM \u00c9POXY 4 CROCHETS"}]},{"@type":"WebSite","@id":"https:\/\/etsdahmane.dz\/#website","url":"https:\/\/etsdahmane.dz\/","name":"ETS DAHMANE","description":"ETS DAHMANE","potentialAction":[{"@type":"SearchAction","target":{"@type":"EntryPoint","urlTemplate":"https:\/\/etsdahmane.dz\/?s={search_term_string}"},"query-input":{"@type":"PropertyValueSpecification","valueRequired":true,"valueName":"search_term_string"}}],"inLanguage":"fr-FR"}]}},"_links":{"self":[{"href":"https:\/\/etsdahmane.dz\/index.php?rest_route=\/wp\/v2\/product\/558","targetHints":{"allow":["GET"]}}],"collection":[{"href":"https:\/\/etsdahmane.dz\/index.php?rest_route=\/wp\/v2\/product"}],"about":[{"href":"https:\/\/etsdahmane.dz\/index.php?rest_route=\/wp\/v2\/types\/product"}],"replies":[{"embeddable":true,"href":"https:\/\/etsdahmane.dz\/index.php?rest_route=%2Fwp%2Fv2%2Fcomments&post=558"}],"wp:featuredmedia":[{"embeddable":true,"href":"https:\/\/etsdahmane.dz\/index.php?rest_route=\/wp\/v2\/media\/559"}],"wp:attachment":[{"href":"https:\/\/etsdahmane.dz\/index.php?rest_route=%2Fwp%2Fv2%2Fmedia&parent=558"}],"wp:term":[{"taxonomy":"product_brand","embeddable":true,"href":"https:\/\/etsdahmane.dz\/index.php?rest_route=%2Fwp%2Fv2%2Fproduct_brand&post=558"},{"taxonomy":"product_cat","embeddable":true,"href":"https:\/\/etsdahmane.dz\/index.php?rest_route=%2Fwp%2Fv2%2Fproduct_cat&post=558"},{"taxonomy":"product_tag","embeddable":true,"href":"https:\/\/etsdahmane.dz\/index.php?rest_route=%2Fwp%2Fv2%2Fproduct_tag&post=558"}],"curies":[{"name":"wp","href":"https:\/\/api.w.org\/{rel}","templated":true}]}}