{"id":657,"date":"2022-05-05T08:59:47","date_gmt":"2022-05-05T08:59:47","guid":{"rendered":"https:\/\/etsdahmane.dz\/fr\/?post_type=product&#038;p=657"},"modified":"2022-05-05T09:01:38","modified_gmt":"2022-05-05T09:01:38","slug":"negatoscope-deux-plages","status":"publish","type":"product","link":"https:\/\/etsdahmane.dz\/?product=negatoscope-deux-plages","title":{"rendered":"N\u00c9GATOSCOPE DEUX PLAGES"},"content":{"rendered":"<p><b> <span class=\"fontstyle0\">Dimensions :<br \/>\n<\/span><\/b><\/p>\n<ul>\n<li>\u00a0<span class=\"fontstyle0\">Longueur : 89 cm<\/span><\/li>\n<li><span class=\"fontstyle0\">Hauteur : 47 cm<\/span><\/li>\n<li><span class=\"fontstyle0\">Profondeur : 13 cm<\/span><\/li>\n<\/ul>\n","protected":false},"excerpt":{"rendered":"<p><span style=\"color: #000000;\"><b> <span class=\"fontstyle0\">Sp\u00e9cifications :<br \/>\n<\/span><\/b><\/span><\/p>\n<p><span class=\"fontstyle0\">\u2022 Structure en t\u00f4le 08 mm peinte en \u00e9poxy<br \/>\n\u2022 Plaque en plexiglas fix\u00e9e avec baguettes d\u2019aluminium<br \/>\n\u2022 \u00c9quip\u00e9 de syst\u00e8me de fixation de clich\u00e9 radio<br \/>\n\u2022 Deux n\u00e9ons circulaire avec c\u00e2ble de branchement \u00e9lectrique et interrupteur d\u2019allumage<\/span><\/p>\n<p>&nbsp;<\/p>\n","protected":false},"featured_media":658,"comment_status":"closed","ping_status":"closed","template":"","meta":[],"product_brand":[],"product_cat":[35],"product_tag":[82],"class_list":{"0":"post-657","1":"product","2":"type-product","3":"status-publish","4":"has-post-thumbnail","6":"product_cat-negatoscope","7":"product_tag-negatoscope","9":"first","10":"instock","11":"shipping-taxable","12":"product-type-simple"},"yoast_head":"<!-- This site is optimized with the Yoast SEO Premium plugin v20.0 (Yoast SEO v26.9) - https:\/\/yoast.com\/product\/yoast-seo-premium-wordpress\/ -->\n<title>N\u00c9GATOSCOPE DEUX PLAGES - ETS DAHMANE<\/title>\n<meta name=\"robots\" content=\"index, follow, max-snippet:-1, max-image-preview:large, max-video-preview:-1\" \/>\n<link rel=\"canonical\" href=\"https:\/\/etsdahmane.dz\/?product=negatoscope-deux-plages\" \/>\n<meta property=\"og:locale\" content=\"fr_FR\" \/>\n<meta property=\"og:type\" content=\"article\" \/>\n<meta property=\"og:title\" content=\"N\u00c9GATOSCOPE DEUX PLAGES\" \/>\n<meta property=\"og:description\" content=\"Sp\u00e9cifications :   \u2022 Structure en t\u00f4le 08 mm peinte en \u00e9poxy \u2022 Plaque en plexiglas fix\u00e9e avec baguettes d\u2019aluminium \u2022 \u00c9quip\u00e9 de syst\u00e8me de fixation de clich\u00e9 radio \u2022 Deux n\u00e9ons circulaire avec c\u00e2ble de branchement \u00e9lectrique et interrupteur d\u2019allumage  &nbsp;\" \/>\n<meta property=\"og:url\" content=\"https:\/\/etsdahmane.dz\/?product=negatoscope-deux-plages\" \/>\n<meta property=\"og:site_name\" content=\"ETS DAHMANE\" \/>\n<meta property=\"article:modified_time\" content=\"2022-05-05T09:01:38+00:00\" \/>\n<meta property=\"og:image\" content=\"https:\/\/etsdahmane.dz\/wp-content\/uploads\/2022\/05\/NEGATOSCOPE-1-ETS-DAHMANE-TIZI-OUZOU-ALGERIE.jpg\" \/>\n\t<meta property=\"og:image:width\" content=\"600\" \/>\n\t<meta property=\"og:image:height\" content=\"600\" \/>\n\t<meta property=\"og:image:type\" content=\"image\/jpeg\" \/>\n<meta name=\"twitter:card\" content=\"summary_large_image\" \/>\n<meta name=\"twitter:label1\" content=\"Dur\u00e9e de lecture estim\u00e9e\" \/>\n\t<meta name=\"twitter:data1\" content=\"1 minute\" \/>\n<script type=\"application\/ld+json\" class=\"yoast-schema-graph\">{\"@context\":\"https:\/\/schema.org\",\"@graph\":[{\"@type\":\"WebPage\",\"@id\":\"https:\/\/etsdahmane.dz\/?product=negatoscope-deux-plages\",\"url\":\"https:\/\/etsdahmane.dz\/?product=negatoscope-deux-plages\",\"name\":\"N\u00c9GATOSCOPE DEUX PLAGES - ETS DAHMANE\",\"isPartOf\":{\"@id\":\"https:\/\/etsdahmane.dz\/#website\"},\"primaryImageOfPage\":{\"@id\":\"https:\/\/etsdahmane.dz\/?product=negatoscope-deux-plages#primaryimage\"},\"image\":{\"@id\":\"https:\/\/etsdahmane.dz\/?product=negatoscope-deux-plages#primaryimage\"},\"thumbnailUrl\":\"https:\/\/etsdahmane.dz\/wp-content\/uploads\/2022\/05\/NEGATOSCOPE-1-ETS-DAHMANE-TIZI-OUZOU-ALGERIE.jpg\",\"datePublished\":\"2022-05-05T08:59:47+00:00\",\"dateModified\":\"2022-05-05T09:01:38+00:00\",\"breadcrumb\":{\"@id\":\"https:\/\/etsdahmane.dz\/?product=negatoscope-deux-plages#breadcrumb\"},\"inLanguage\":\"fr-FR\",\"potentialAction\":[{\"@type\":\"ReadAction\",\"target\":[\"https:\/\/etsdahmane.dz\/?product=negatoscope-deux-plages\"]}]},{\"@type\":\"ImageObject\",\"inLanguage\":\"fr-FR\",\"@id\":\"https:\/\/etsdahmane.dz\/?product=negatoscope-deux-plages#primaryimage\",\"url\":\"https:\/\/etsdahmane.dz\/wp-content\/uploads\/2022\/05\/NEGATOSCOPE-1-ETS-DAHMANE-TIZI-OUZOU-ALGERIE.jpg\",\"contentUrl\":\"https:\/\/etsdahmane.dz\/wp-content\/uploads\/2022\/05\/NEGATOSCOPE-1-ETS-DAHMANE-TIZI-OUZOU-ALGERIE.jpg\",\"width\":600,\"height\":600},{\"@type\":\"BreadcrumbList\",\"@id\":\"https:\/\/etsdahmane.dz\/?product=negatoscope-deux-plages#breadcrumb\",\"itemListElement\":[{\"@type\":\"ListItem\",\"position\":1,\"name\":\"Home\",\"item\":\"https:\/\/etsdahmane.dz\/\"},{\"@type\":\"ListItem\",\"position\":2,\"name\":\"Sample Page\",\"item\":\"https:\/\/etsdahmane.dz\/?page_id=2\"},{\"@type\":\"ListItem\",\"position\":3,\"name\":\"N\u00c9GATOSCOPE DEUX PLAGES\"}]},{\"@type\":\"WebSite\",\"@id\":\"https:\/\/etsdahmane.dz\/#website\",\"url\":\"https:\/\/etsdahmane.dz\/\",\"name\":\"ETS DAHMANE\",\"description\":\"ETS DAHMANE\",\"potentialAction\":[{\"@type\":\"SearchAction\",\"target\":{\"@type\":\"EntryPoint\",\"urlTemplate\":\"https:\/\/etsdahmane.dz\/?s={search_term_string}\"},\"query-input\":{\"@type\":\"PropertyValueSpecification\",\"valueRequired\":true,\"valueName\":\"search_term_string\"}}],\"inLanguage\":\"fr-FR\"}]}<\/script>\n<!-- \/ Yoast SEO Premium plugin. -->","yoast_head_json":{"title":"N\u00c9GATOSCOPE DEUX PLAGES - ETS DAHMANE","robots":{"index":"index","follow":"follow","max-snippet":"max-snippet:-1","max-image-preview":"max-image-preview:large","max-video-preview":"max-video-preview:-1"},"canonical":"https:\/\/etsdahmane.dz\/?product=negatoscope-deux-plages","og_locale":"fr_FR","og_type":"article","og_title":"N\u00c9GATOSCOPE DEUX PLAGES","og_description":"Sp\u00e9cifications :   \u2022 Structure en t\u00f4le 08 mm peinte en \u00e9poxy \u2022 Plaque en plexiglas fix\u00e9e avec baguettes d\u2019aluminium \u2022 \u00c9quip\u00e9 de syst\u00e8me de fixation de clich\u00e9 radio \u2022 Deux n\u00e9ons circulaire avec c\u00e2ble de branchement \u00e9lectrique et interrupteur d\u2019allumage  &nbsp;","og_url":"https:\/\/etsdahmane.dz\/?product=negatoscope-deux-plages","og_site_name":"ETS DAHMANE","article_modified_time":"2022-05-05T09:01:38+00:00","og_image":[{"width":600,"height":600,"url":"https:\/\/etsdahmane.dz\/wp-content\/uploads\/2022\/05\/NEGATOSCOPE-1-ETS-DAHMANE-TIZI-OUZOU-ALGERIE.jpg","type":"image\/jpeg"}],"twitter_card":"summary_large_image","twitter_misc":{"Dur\u00e9e de lecture estim\u00e9e":"1 minute"},"schema":{"@context":"https:\/\/schema.org","@graph":[{"@type":"WebPage","@id":"https:\/\/etsdahmane.dz\/?product=negatoscope-deux-plages","url":"https:\/\/etsdahmane.dz\/?product=negatoscope-deux-plages","name":"N\u00c9GATOSCOPE DEUX PLAGES - ETS DAHMANE","isPartOf":{"@id":"https:\/\/etsdahmane.dz\/#website"},"primaryImageOfPage":{"@id":"https:\/\/etsdahmane.dz\/?product=negatoscope-deux-plages#primaryimage"},"image":{"@id":"https:\/\/etsdahmane.dz\/?product=negatoscope-deux-plages#primaryimage"},"thumbnailUrl":"https:\/\/etsdahmane.dz\/wp-content\/uploads\/2022\/05\/NEGATOSCOPE-1-ETS-DAHMANE-TIZI-OUZOU-ALGERIE.jpg","datePublished":"2022-05-05T08:59:47+00:00","dateModified":"2022-05-05T09:01:38+00:00","breadcrumb":{"@id":"https:\/\/etsdahmane.dz\/?product=negatoscope-deux-plages#breadcrumb"},"inLanguage":"fr-FR","potentialAction":[{"@type":"ReadAction","target":["https:\/\/etsdahmane.dz\/?product=negatoscope-deux-plages"]}]},{"@type":"ImageObject","inLanguage":"fr-FR","@id":"https:\/\/etsdahmane.dz\/?product=negatoscope-deux-plages#primaryimage","url":"https:\/\/etsdahmane.dz\/wp-content\/uploads\/2022\/05\/NEGATOSCOPE-1-ETS-DAHMANE-TIZI-OUZOU-ALGERIE.jpg","contentUrl":"https:\/\/etsdahmane.dz\/wp-content\/uploads\/2022\/05\/NEGATOSCOPE-1-ETS-DAHMANE-TIZI-OUZOU-ALGERIE.jpg","width":600,"height":600},{"@type":"BreadcrumbList","@id":"https:\/\/etsdahmane.dz\/?product=negatoscope-deux-plages#breadcrumb","itemListElement":[{"@type":"ListItem","position":1,"name":"Home","item":"https:\/\/etsdahmane.dz\/"},{"@type":"ListItem","position":2,"name":"Sample Page","item":"https:\/\/etsdahmane.dz\/?page_id=2"},{"@type":"ListItem","position":3,"name":"N\u00c9GATOSCOPE DEUX PLAGES"}]},{"@type":"WebSite","@id":"https:\/\/etsdahmane.dz\/#website","url":"https:\/\/etsdahmane.dz\/","name":"ETS DAHMANE","description":"ETS DAHMANE","potentialAction":[{"@type":"SearchAction","target":{"@type":"EntryPoint","urlTemplate":"https:\/\/etsdahmane.dz\/?s={search_term_string}"},"query-input":{"@type":"PropertyValueSpecification","valueRequired":true,"valueName":"search_term_string"}}],"inLanguage":"fr-FR"}]}},"_links":{"self":[{"href":"https:\/\/etsdahmane.dz\/index.php?rest_route=\/wp\/v2\/product\/657","targetHints":{"allow":["GET"]}}],"collection":[{"href":"https:\/\/etsdahmane.dz\/index.php?rest_route=\/wp\/v2\/product"}],"about":[{"href":"https:\/\/etsdahmane.dz\/index.php?rest_route=\/wp\/v2\/types\/product"}],"replies":[{"embeddable":true,"href":"https:\/\/etsdahmane.dz\/index.php?rest_route=%2Fwp%2Fv2%2Fcomments&post=657"}],"wp:featuredmedia":[{"embeddable":true,"href":"https:\/\/etsdahmane.dz\/index.php?rest_route=\/wp\/v2\/media\/658"}],"wp:attachment":[{"href":"https:\/\/etsdahmane.dz\/index.php?rest_route=%2Fwp%2Fv2%2Fmedia&parent=657"}],"wp:term":[{"taxonomy":"product_brand","embeddable":true,"href":"https:\/\/etsdahmane.dz\/index.php?rest_route=%2Fwp%2Fv2%2Fproduct_brand&post=657"},{"taxonomy":"product_cat","embeddable":true,"href":"https:\/\/etsdahmane.dz\/index.php?rest_route=%2Fwp%2Fv2%2Fproduct_cat&post=657"},{"taxonomy":"product_tag","embeddable":true,"href":"https:\/\/etsdahmane.dz\/index.php?rest_route=%2Fwp%2Fv2%2Fproduct_tag&post=657"}],"curies":[{"name":"wp","href":"https:\/\/api.w.org\/{rel}","templated":true}]}}